{"id":5901,"date":"2024-07-01T09:59:47","date_gmt":"2024-07-01T09:59:47","guid":{"rendered":"https:\/\/www.barfix.fi\/cart\/"},"modified":"2024-10-17T19:39:13","modified_gmt":"2024-10-17T19:39:13","slug":"cart","status":"publish","type":"page","link":"https:\/\/www.barfix.fi\/en\/cart\/","title":{"rendered":"Cart"},"content":{"rendered":"\t\t<div data-elementor-type=\"wp-page\" data-elementor-id=\"5901\" class=\"elementor elementor-5901 elementor-989\" data-elementor-post-type=\"page\">\n\t\t\t\t<div class=\"elementor-element elementor-element-1346ae3 e-flex e-con-boxed e-con e-parent\" data-id=\"1346ae3\" data-element_type=\"container\" data-e-type=\"container\">\n\t\t\t\t\t<div class=\"e-con-inner\">\n\t\t\t\t<div class=\"elementor-element elementor-element-542ac86 e-cart-layout-two-column elementor-widget elementor-widget-woocommerce-cart\" data-id=\"542ac86\" data-element_type=\"widget\" data-e-type=\"widget\" data-settings=\"{&quot;update_cart_automatically&quot;:&quot;yes&quot;}\" data-widget_type=\"woocommerce-cart.default\">\n\t\t\t\t<div class=\"elementor-widget-container\">\n\t\t\t\t\t<div class=\"woocommerce\"><div class=\"woocommerce-notices-wrapper\"><\/div><div class=\"wc-empty-cart-message\">\n\t<div class=\"cart-empty woocommerce-info\" role=\"status\">\n\t\tYour cart is currently empty.\t<\/div>\n<\/div>\t<p class=\"return-to-shop\">\n\t\t<a class=\"button wc-backward\" href=\"https:\/\/www.barfix.fi\/kauppa\/\">\n\t\t\tReturn to shop\t\t<\/a>\n\t<\/p>\n<\/div>\t\t\t\t<\/div>\n\t\t\t\t<\/div>\n\t\t\t\t\t<\/div>\n\t\t\t\t<\/div>\n\t\t\t\t<\/div>\n\t\t","protected":false},"excerpt":{"rendered":"<p>Poista kohde Pikkukuva Tuote Hinta M\u00e4\u00e4r\u00e4 V\u00e4lisumma &times; Annostelupumppu (PAB10AP) 28,50&nbsp;&euro; Annostelupumppu (PAB10AP)&nbsp; m\u00e4\u00e4r\u00e4 28,50&nbsp;&euro; Cart Totals V\u00e4lisumma 28,50&nbsp;&euro; Toimitus Anna osoite jotta n\u00e4et toimitustavat. Laske toimituskulut Maa \/ alue: Valitse maa \/ alue&hellip;AfghanistanAhvenanmaaAlbaniaAlgeriaAmerikan SamoaAndorraAngolaAnguillaAntarktisAntigua ja BarbudaArgentiinaArmeniaArubaAustraliaAzerbaid\u017eanBahamaBahrainBangladeshBarbadosBelgiaBelizeBeninBermudaBhutanBoliviaBonaire, Saint Eustatius and SabaBosnia ja HertsegovinaBotswanaBouvet IslandBrasiliaBrittil\u00e4inen Intian valtameren alueBruneiBulgariaBurkina FasoBurundiCaymansaaretChadChileCookinsaaretCosta RicaCura&Ccedil;aoDjiboutiDominicaDominikaaninen tasavaltaEcuadorEgyptiEl SalvadorEritreaEspanjaEswatiniEtel\u00e4-AfrikkaEtel\u00e4-Georgia ja SandwichsaaretEtel\u00e4-KoreaEtel\u00e4-SudanEtiopiaFalklandinsaaretFid\u017eiFilippiinitF\u00e4rsaaretGabonGambiaGeorgiaGhanaGibraltarGrenadaGr\u00f6nlantiGuadeloupeGuamGuatemalaGuernseyGuineaGuinea-BissaunGuyanaHaitiHeard Island ja [&hellip;]<\/p>\n","protected":false},"author":1,"featured_media":0,"parent":0,"menu_order":0,"comment_status":"closed","ping_status":"closed","template":"","meta":{"_improvement_type_select":"improve_an_existing","_thumb_yes_seoaic":false,"_frame_yes_seoaic":false,"seoaic_generate_description":"","seoaic_improve_instructions_prompt":"","seoaic_rollback_content_improvement":"","seoaic_idea_thumbnail_generator":"","thumbnail_generated":false,"thumbnail_generate_prompt":"","seoaic_article_description":"","footnotes":""},"class_list":["post-5901","page","type-page","status-publish","hentry"],"yoast_head":"<!-- This site is optimized with the Yoast SEO plugin v27.5 - https:\/\/yoast.com\/product\/yoast-seo-wordpress\/ -->\n<title>Cart - Barfix<\/title>\n<meta name=\"robots\" content=\"index, follow, max-snippet:-1, max-image-preview:large, max-video-preview:-1\" \/>\n<link rel=\"canonical\" href=\"https:\/\/www.barfix.fi\/cart\/\" \/>\n<meta property=\"og:locale\" content=\"en_US\" \/>\n<meta property=\"og:type\" content=\"article\" \/>\n<meta property=\"og:title\" content=\"Cart - Barfix\" \/>\n<meta property=\"og:description\" content=\"Poista kohde Pikkukuva Tuote Hinta M\u00e4\u00e4r\u00e4 V\u00e4lisumma &times; Annostelupumppu (PAB10AP) 28,50&nbsp;&euro; Annostelupumppu (PAB10AP)&nbsp; m\u00e4\u00e4r\u00e4 28,50&nbsp;&euro; Cart Totals V\u00e4lisumma 28,50&nbsp;&euro; Toimitus Anna osoite jotta n\u00e4et toimitustavat. Laske toimituskulut Maa \/ alue: Valitse maa \/ alue&hellip;AfghanistanAhvenanmaaAlbaniaAlgeriaAmerikan SamoaAndorraAngolaAnguillaAntarktisAntigua ja BarbudaArgentiinaArmeniaArubaAustraliaAzerbaid\u017eanBahamaBahrainBangladeshBarbadosBelgiaBelizeBeninBermudaBhutanBoliviaBonaire, Saint Eustatius and SabaBosnia ja HertsegovinaBotswanaBouvet IslandBrasiliaBrittil\u00e4inen Intian valtameren alueBruneiBulgariaBurkina FasoBurundiCaymansaaretChadChileCookinsaaretCosta RicaCura&Ccedil;aoDjiboutiDominicaDominikaaninen tasavaltaEcuadorEgyptiEl SalvadorEritreaEspanjaEswatiniEtel\u00e4-AfrikkaEtel\u00e4-Georgia ja SandwichsaaretEtel\u00e4-KoreaEtel\u00e4-SudanEtiopiaFalklandinsaaretFid\u017eiFilippiinitF\u00e4rsaaretGabonGambiaGeorgiaGhanaGibraltarGrenadaGr\u00f6nlantiGuadeloupeGuamGuatemalaGuernseyGuineaGuinea-BissaunGuyanaHaitiHeard Island ja [&hellip;]\" \/>\n<meta property=\"og:url\" content=\"https:\/\/www.barfix.fi\/cart\/\" \/>\n<meta property=\"og:site_name\" content=\"Barfix\" \/>\n<meta property=\"article:publisher\" content=\"https:\/\/www.facebook.com\/barfixfinland\/?locale=fi_FI\" \/>\n<meta property=\"article:modified_time\" content=\"2024-10-17T19:39:13+00:00\" \/>\n<meta property=\"og:image\" content=\"https:\/\/www.barfix.fi\/wp-content\/uploads\/2024\/07\/PAB10AP-annostelupumppu-2-300x300.png\" \/>\n<meta name=\"twitter:card\" content=\"summary_large_image\" \/>\n<meta name=\"twitter:label1\" content=\"Est. reading time\" \/>\n\t<meta name=\"twitter:data1\" content=\"1 minute\" \/>\n<script type=\"application\/ld+json\" class=\"yoast-schema-graph\">{\"@context\":\"https:\\\/\\\/schema.org\",\"@graph\":[{\"@type\":\"WebPage\",\"@id\":\"https:\\\/\\\/www.barfix.fi\\\/cart\\\/\",\"url\":\"https:\\\/\\\/www.barfix.fi\\\/cart\\\/\",\"name\":\"Cart - Barfix\",\"isPartOf\":{\"@id\":\"https:\\\/\\\/www.barfix.fi\\\/#website\"},\"primaryImageOfPage\":{\"@id\":\"https:\\\/\\\/www.barfix.fi\\\/cart\\\/#primaryimage\"},\"image\":{\"@id\":\"https:\\\/\\\/www.barfix.fi\\\/cart\\\/#primaryimage\"},\"thumbnailUrl\":\"https:\\\/\\\/www.barfix.fi\\\/wp-content\\\/uploads\\\/2024\\\/07\\\/PAB10AP-annostelupumppu-2-300x300.png\",\"datePublished\":\"2024-07-01T09:59:47+00:00\",\"dateModified\":\"2024-10-17T19:39:13+00:00\",\"breadcrumb\":{\"@id\":\"https:\\\/\\\/www.barfix.fi\\\/cart\\\/#breadcrumb\"},\"inLanguage\":\"en-US\",\"potentialAction\":[{\"@type\":\"ReadAction\",\"target\":[\"https:\\\/\\\/www.barfix.fi\\\/cart\\\/\"]}]},{\"@type\":\"ImageObject\",\"inLanguage\":\"en-US\",\"@id\":\"https:\\\/\\\/www.barfix.fi\\\/cart\\\/#primaryimage\",\"url\":\"https:\\\/\\\/www.barfix.fi\\\/wp-content\\\/uploads\\\/2024\\\/07\\\/PAB10AP-annostelupumppu-2-300x300.png\",\"contentUrl\":\"https:\\\/\\\/www.barfix.fi\\\/wp-content\\\/uploads\\\/2024\\\/07\\\/PAB10AP-annostelupumppu-2-300x300.png\"},{\"@type\":\"BreadcrumbList\",\"@id\":\"https:\\\/\\\/www.barfix.fi\\\/cart\\\/#breadcrumb\",\"itemListElement\":[{\"@type\":\"ListItem\",\"position\":1,\"name\":\"Etusivu\",\"item\":\"https:\\\/\\\/www.barfix.fi\\\/en\\\/\"},{\"@type\":\"ListItem\",\"position\":2,\"name\":\"Cart\"}]},{\"@type\":\"WebSite\",\"@id\":\"https:\\\/\\\/www.barfix.fi\\\/#website\",\"url\":\"https:\\\/\\\/www.barfix.fi\\\/\",\"name\":\"Barfix\",\"description\":\"\",\"publisher\":{\"@id\":\"https:\\\/\\\/www.barfix.fi\\\/#organization\"},\"potentialAction\":[{\"@type\":\"SearchAction\",\"target\":{\"@type\":\"EntryPoint\",\"urlTemplate\":\"https:\\\/\\\/www.barfix.fi\\\/?s={search_term_string}\"},\"query-input\":{\"@type\":\"PropertyValueSpecification\",\"valueRequired\":true,\"valueName\":\"search_term_string\"}}],\"inLanguage\":\"en-US\"},{\"@type\":\"Organization\",\"@id\":\"https:\\\/\\\/www.barfix.fi\\\/#organization\",\"name\":\"Barfix Oy\",\"url\":\"https:\\\/\\\/www.barfix.fi\\\/\",\"logo\":{\"@type\":\"ImageObject\",\"inLanguage\":\"en-US\",\"@id\":\"https:\\\/\\\/www.barfix.fi\\\/#\\\/schema\\\/logo\\\/image\\\/\",\"url\":\"https:\\\/\\\/www.barfix.fi\\\/wp-content\\\/uploads\\\/2024\\\/06\\\/LOGO-uusin.png\",\"contentUrl\":\"https:\\\/\\\/www.barfix.fi\\\/wp-content\\\/uploads\\\/2024\\\/06\\\/LOGO-uusin.png\",\"width\":1920,\"height\":1080,\"caption\":\"Barfix Oy\"},\"image\":{\"@id\":\"https:\\\/\\\/www.barfix.fi\\\/#\\\/schema\\\/logo\\\/image\\\/\"},\"sameAs\":[\"https:\\\/\\\/www.facebook.com\\\/barfixfinland\\\/?locale=fi_FI\",\"https:\\\/\\\/www.instagram.com\\\/barfix_juomalaitteet\\\/?hl=en\"]}]}<\/script>\n<!-- \/ Yoast SEO plugin. -->","yoast_head_json":{"title":"Cart - Barfix","robots":{"index":"index","follow":"follow","max-snippet":"max-snippet:-1","max-image-preview":"max-image-preview:large","max-video-preview":"max-video-preview:-1"},"canonical":"https:\/\/www.barfix.fi\/cart\/","og_locale":"en_US","og_type":"article","og_title":"Cart - Barfix","og_description":"Poista kohde Pikkukuva Tuote Hinta M\u00e4\u00e4r\u00e4 V\u00e4lisumma &times; Annostelupumppu (PAB10AP) 28,50&nbsp;&euro; Annostelupumppu (PAB10AP)&nbsp; m\u00e4\u00e4r\u00e4 28,50&nbsp;&euro; Cart Totals V\u00e4lisumma 28,50&nbsp;&euro; Toimitus Anna osoite jotta n\u00e4et toimitustavat. Laske toimituskulut Maa \/ alue: Valitse maa \/ alue&hellip;AfghanistanAhvenanmaaAlbaniaAlgeriaAmerikan SamoaAndorraAngolaAnguillaAntarktisAntigua ja BarbudaArgentiinaArmeniaArubaAustraliaAzerbaid\u017eanBahamaBahrainBangladeshBarbadosBelgiaBelizeBeninBermudaBhutanBoliviaBonaire, Saint Eustatius and SabaBosnia ja HertsegovinaBotswanaBouvet IslandBrasiliaBrittil\u00e4inen Intian valtameren alueBruneiBulgariaBurkina FasoBurundiCaymansaaretChadChileCookinsaaretCosta RicaCura&Ccedil;aoDjiboutiDominicaDominikaaninen tasavaltaEcuadorEgyptiEl SalvadorEritreaEspanjaEswatiniEtel\u00e4-AfrikkaEtel\u00e4-Georgia ja SandwichsaaretEtel\u00e4-KoreaEtel\u00e4-SudanEtiopiaFalklandinsaaretFid\u017eiFilippiinitF\u00e4rsaaretGabonGambiaGeorgiaGhanaGibraltarGrenadaGr\u00f6nlantiGuadeloupeGuamGuatemalaGuernseyGuineaGuinea-BissaunGuyanaHaitiHeard Island ja [&hellip;]","og_url":"https:\/\/www.barfix.fi\/cart\/","og_site_name":"Barfix","article_publisher":"https:\/\/www.facebook.com\/barfixfinland\/?locale=fi_FI","article_modified_time":"2024-10-17T19:39:13+00:00","og_image":[{"url":"https:\/\/www.barfix.fi\/wp-content\/uploads\/2024\/07\/PAB10AP-annostelupumppu-2-300x300.png","type":"","width":"","height":""}],"twitter_card":"summary_large_image","twitter_misc":{"Est. reading time":"1 minute"},"schema":{"@context":"https:\/\/schema.org","@graph":[{"@type":"WebPage","@id":"https:\/\/www.barfix.fi\/cart\/","url":"https:\/\/www.barfix.fi\/cart\/","name":"Cart - Barfix","isPartOf":{"@id":"https:\/\/www.barfix.fi\/#website"},"primaryImageOfPage":{"@id":"https:\/\/www.barfix.fi\/cart\/#primaryimage"},"image":{"@id":"https:\/\/www.barfix.fi\/cart\/#primaryimage"},"thumbnailUrl":"https:\/\/www.barfix.fi\/wp-content\/uploads\/2024\/07\/PAB10AP-annostelupumppu-2-300x300.png","datePublished":"2024-07-01T09:59:47+00:00","dateModified":"2024-10-17T19:39:13+00:00","breadcrumb":{"@id":"https:\/\/www.barfix.fi\/cart\/#breadcrumb"},"inLanguage":"en-US","potentialAction":[{"@type":"ReadAction","target":["https:\/\/www.barfix.fi\/cart\/"]}]},{"@type":"ImageObject","inLanguage":"en-US","@id":"https:\/\/www.barfix.fi\/cart\/#primaryimage","url":"https:\/\/www.barfix.fi\/wp-content\/uploads\/2024\/07\/PAB10AP-annostelupumppu-2-300x300.png","contentUrl":"https:\/\/www.barfix.fi\/wp-content\/uploads\/2024\/07\/PAB10AP-annostelupumppu-2-300x300.png"},{"@type":"BreadcrumbList","@id":"https:\/\/www.barfix.fi\/cart\/#breadcrumb","itemListElement":[{"@type":"ListItem","position":1,"name":"Etusivu","item":"https:\/\/www.barfix.fi\/en\/"},{"@type":"ListItem","position":2,"name":"Cart"}]},{"@type":"WebSite","@id":"https:\/\/www.barfix.fi\/#website","url":"https:\/\/www.barfix.fi\/","name":"Barfix","description":"","publisher":{"@id":"https:\/\/www.barfix.fi\/#organization"},"potentialAction":[{"@type":"SearchAction","target":{"@type":"EntryPoint","urlTemplate":"https:\/\/www.barfix.fi\/?s={search_term_string}"},"query-input":{"@type":"PropertyValueSpecification","valueRequired":true,"valueName":"search_term_string"}}],"inLanguage":"en-US"},{"@type":"Organization","@id":"https:\/\/www.barfix.fi\/#organization","name":"Barfix Oy","url":"https:\/\/www.barfix.fi\/","logo":{"@type":"ImageObject","inLanguage":"en-US","@id":"https:\/\/www.barfix.fi\/#\/schema\/logo\/image\/","url":"https:\/\/www.barfix.fi\/wp-content\/uploads\/2024\/06\/LOGO-uusin.png","contentUrl":"https:\/\/www.barfix.fi\/wp-content\/uploads\/2024\/06\/LOGO-uusin.png","width":1920,"height":1080,"caption":"Barfix Oy"},"image":{"@id":"https:\/\/www.barfix.fi\/#\/schema\/logo\/image\/"},"sameAs":["https:\/\/www.facebook.com\/barfixfinland\/?locale=fi_FI","https:\/\/www.instagram.com\/barfix_juomalaitteet\/?hl=en"]}]}},"_links":{"self":[{"href":"https:\/\/www.barfix.fi\/en\/wp-json\/wp\/v2\/pages\/5901","targetHints":{"allow":["GET"]}}],"collection":[{"href":"https:\/\/www.barfix.fi\/en\/wp-json\/wp\/v2\/pages"}],"about":[{"href":"https:\/\/www.barfix.fi\/en\/wp-json\/wp\/v2\/types\/page"}],"author":[{"embeddable":true,"href":"https:\/\/www.barfix.fi\/en\/wp-json\/wp\/v2\/users\/1"}],"replies":[{"embeddable":true,"href":"https:\/\/www.barfix.fi\/en\/wp-json\/wp\/v2\/comments?post=5901"}],"version-history":[{"count":3,"href":"https:\/\/www.barfix.fi\/en\/wp-json\/wp\/v2\/pages\/5901\/revisions"}],"predecessor-version":[{"id":7795,"href":"https:\/\/www.barfix.fi\/en\/wp-json\/wp\/v2\/pages\/5901\/revisions\/7795"}],"wp:attachment":[{"href":"https:\/\/www.barfix.fi\/en\/wp-json\/wp\/v2\/media?parent=5901"}],"curies":[{"name":"wp","href":"https:\/\/api.w.org\/{rel}","templated":true}]}}