{"id":6996,"date":"2020-12-28T16:30:23","date_gmt":"2020-12-28T16:30:23","guid":{"rendered":"https:\/\/www.barfix.fi\/customer-list\/"},"modified":"2024-10-11T08:42:36","modified_gmt":"2024-10-11T08:42:36","slug":"customer-list","status":"publish","type":"page","link":"https:\/\/www.barfix.fi\/en\/customer-list\/","title":{"rendered":"Customer list"},"content":{"rendered":"\t\t<div data-elementor-type=\"wp-page\" data-elementor-id=\"6996\" class=\"elementor elementor-6996 elementor-3367\" data-elementor-post-type=\"page\">\n\t\t\t\t<div class=\"elementor-element elementor-element-799666a4 e-flex e-con-boxed e-con e-parent\" data-id=\"799666a4\" data-element_type=\"container\" data-e-type=\"container\">\n\t\t\t\t\t<div class=\"e-con-inner\">\n\t\t\t\t<div class=\"elementor-element elementor-element-c3306d2 elementor-widget elementor-widget-heading\" data-id=\"c3306d2\" data-element_type=\"widget\" data-e-type=\"widget\" data-widget_type=\"heading.default\">\n\t\t\t\t<div class=\"elementor-widget-container\">\n\t\t\t\t\t<h2 class=\"elementor-heading-title elementor-size-default\">References<\/h2>\t\t\t\t<\/div>\n\t\t\t\t<\/div>\n\t\t<div class=\"elementor-element elementor-element-f9ebf4b e-con-full e-flex e-con e-child\" data-id=\"f9ebf4b\" data-element_type=\"container\" data-e-type=\"container\">\n\t\t<div class=\"elementor-element elementor-element-e74faa9 e-grid e-con-full e-con e-child\" data-id=\"e74faa9\" data-element_type=\"container\" data-e-type=\"container\">\n\t\t<div class=\"elementor-element elementor-element-210ba8b e-con-full e-flex e-con e-child\" data-id=\"210ba8b\" data-element_type=\"container\" data-e-type=\"container\">\n\t\t\t\t<div class=\"elementor-element elementor-element-1886004 elementor-widget elementor-widget-heading\" data-id=\"1886004\" data-element_type=\"widget\" data-e-type=\"widget\" data-widget_type=\"heading.default\">\n\t\t\t\t<div class=\"elementor-widget-container\">\n\t\t\t\t\t<h2 class=\"elementor-heading-title elementor-size-default\">Helsinki Metropolitan Area<\/h2>\t\t\t\t<\/div>\n\t\t\t\t<\/div>\n\t\t\t\t<div class=\"elementor-element elementor-element-3102a6da elementor-widget elementor-widget-text-editor\" data-id=\"3102a6da\" data-element_type=\"widget\" data-e-type=\"widget\" data-widget_type=\"text-editor.default\">\n\t\t\t\t<div class=\"elementor-widget-container\">\n\t\t\t\t\t\t\t\t\t<p>2 Old Goats, Lohja<\/p>\n<p>4Chiefs Saloon<\/p>\n<p>Amsterdam<\/p>\n<p>Angleterre<\/p>\n<p>Atelier Finne<\/p>\n<p>B-Side Bar<\/p>\n<p>Bar &amp; Restaurant Feltbay<\/p>\n<p>Bar IHKU Helsinki<\/p>\n<p>Barley &amp; Bait<\/p>\n<p>Bar Lilla E<\/p>\n<p>Bar Mate<\/p>\n<p>Barski<\/p>\n<p>B.B.Badger &amp; Co<\/p>\n<p>Belgium<\/p>\n<p>Biang<\/p>\n<p>Bierhuis Rotterdam<\/p>\n<p>Beer Beer<\/p>\n<p>Birgitta Hernesaari<\/p>\n<p>Bistro O Mat, Helsinki<\/p>\n<p>Bistro O Mat, Kirkkonummi, Finland<\/p>\n<p>Bistro O Mat, Tapiola<\/p>\n<p>Bob&#8217;s Laundry<\/p>\n<p>Breaking Bread<\/p>\n<p>Brewery-Restaurant Bruuveri<\/p>\n<p>Cafe Savoy<\/p>\n<p>Cafe Strindberg<\/p>\n<p>Capella Bistro<\/p>\n<p>Casa Largo<\/p>\n<p>Ch\u00e9ri<\/p>\n<p>Chico\u00b4s Jumbo<\/p>\n<p>Chico\u00b4s Sello<\/p>\n<p>Chico\u00b4s Tikkurila<\/p>\n<p>Chico\u00b4sikki<\/p>\n<p>CoolHead Brew Gardenia Taproom<\/p>\n<p>Daddy Greens Pizzabar T\u00f6\u00f6l\u00f6<\/p>\n<p>Elm<\/p>\n<p>Etko Brewing Klondyke, Engineering plant<\/p>\n<p>Fiskars Brewery<\/p>\n<p>Flow bar<\/p>\n<p>Gallows Bird Tapiola<\/p>\n<p>Stone&#8217;s Gastropub<\/p>\n<p>Groovetown Jack<\/p>\n<p>Harbour Tap &amp; Taste<\/p>\n<p>Italo<\/p>\n<p>John Scott\u00b4s Arcadia<\/p>\n<p>Swan H-hawk<\/p>\n<p>Kaisla<\/p>\n<p>Kalevankatu Base Bar<\/p>\n<p>Chapel<\/p>\n<p>Kitty&#8217;s Public House<\/p>\n<p>Korner Lounge &amp; Bistro<\/p>\n<p>Block office Myllypuro<\/p>\n<p>Kuikka<\/p>\n<p>Gustaa Vaasa<\/p>\n<p>La Famiglia Flamingo and Helsinki<\/p>\n<p>Leili Pub<\/p>\n<p>Lie Mi Bulevardi<\/p>\n<p>Lie Mi Kallio<\/p>\n<p>Lie Mi Ruoholahti<\/p>\n<p>Lie Mi T\u00f6\u00f6l\u00f6<\/p>\n<p>Brilliance<\/p>\n<p>Lulus<\/p>\n<p>Lykke Caf\u00e9<\/p>\n<p>Malmg\u00e5rd Brewery<\/p>\n<p>Malt &amp; Wine<\/p>\n<p>Minato<\/p>\n<p>Molly Malone&#8217;s<\/p>\n<p>Old Story Tikkurila<\/p>\n<p>Straw basket<\/p>\n<div> <\/div>\n<div> <\/div>\n\t\t\t\t\t\t\t\t<\/div>\n\t\t\t\t<\/div>\n\t\t<div class=\"elementor-element elementor-element-99fa0f1 e-grid e-con-full e-con e-child\" data-id=\"99fa0f1\" data-element_type=\"container\" data-e-type=\"container\">\n\t\t\t\t<div class=\"elementor-element elementor-element-56f9114 elementor-widget elementor-widget-text-editor\" data-id=\"56f9114\" data-element_type=\"widget\" data-e-type=\"widget\" data-widget_type=\"text-editor.default\">\n\t\t\t\t<div class=\"elementor-widget-container\">\n\t\t\t\t\t\t\t\t\t<p>Beer room Haavi<\/p>\n<p>Beer room Machine shop<\/p>\n<p>Beer room Ratamo Triple<\/p>\n<p>Malmg\u00e5rd Beer Restaurant<\/p>\n<p>Beer restaurant Solmu Vuosaari +Kivist\u00f6<\/p>\n<p>One Pint Pub<\/p>\n<p>Opus K Lohja<\/p>\n<p>Palace<\/p>\n<p>Brewery-Restaurant Bruuveri<\/p>\n<p>Piazza Italia Exhibition Centre<\/p>\n<p>Pien Shop Ateneuminkuja<\/p>\n<p>Pihka Nova<\/p>\n<p>Penguin Tikkurila<\/p>\n<p>Pino<\/p>\n<p>POP\u00b4in Bar J\u00e4rvenp\u00e4\u00e4<\/p>\n<p>Prague<\/p>\n<p>Pub Louis<\/p>\n<p>Public Corner Mikonk<\/p>\n<p>Pullman<\/p>\n<p>Redfish<\/p>\n<p>Radisson Blu Plaza Hotel &#8211; Headquarters<\/p>\n<p>Radisson Blu Seaside<\/p>\n<p>Restaurant Zero<\/p>\n<p>Sailor&#8217;s<\/p>\n<p>Salpimienta<\/p>\n<p>Salvo<\/p>\n<p>Savoy<\/p>\n<p>Sir Eino the Granny Tunnel<\/p>\n<p>Sitemap<\/p>\n<p>Sport\u00b4s Academy Big Apple<\/p>\n<p>St. Urho\u00b4s Pub<\/p>\n<p>Stockmann Herkku Hki<\/p>\n<p>Svenkka Puotila Manor<\/p>\n<p>Tar game Campsite<\/p>\n<p>The OTHER One Thai Kitchen Kluuvi<\/p>\n<p>Urban Rabbit Triple<\/p>\n<p>VENN<\/p>\n<p>Wild W\u00e4in\u00f6<\/p>\n<p>Vintero Tikkurila<\/p>\n<p>Vltava<\/p>\n<p>Yes Yes Yes Yes Iso-Roba<\/p>\n<p>William K. Kurvi<\/p>\n<p>William K Mannerheimintie<\/p>\n<p>William K. Sello<\/p>\n<p>Zetor<\/p>\n<p>Zilla<\/p>\n<p>\u00d6lhus Helsinki<\/p>\n<p>\u00d6lhus K\u00f6benhavn<\/p>\n<p>\u00d6lhus Oslo<\/p>\n<p>\u00d6lhus Stockholm<\/p>\n<p><strong>HAMINA<\/strong><\/p>\n<p>Garrison Restaurant Rokka<\/p>\n<p><strong>HANKO<\/strong><\/p>\n<p>N\u00f6jen<\/p>\n<p><strong>HYVINK\u00c4\u00c4<\/strong><\/p>\n<p>Check Inn<\/p>\n\t\t\t\t\t\t\t\t<\/div>\n\t\t\t\t<\/div>\n\t\t\t\t<\/div>\n\t\t\t\t<\/div>\n\t\t<div class=\"elementor-element elementor-element-828083b e-con-full e-flex e-con e-child\" data-id=\"828083b\" data-element_type=\"container\" data-e-type=\"container\">\n\t\t\t\t<div class=\"elementor-element elementor-element-f1e9402 elementor-widget elementor-widget-heading\" data-id=\"f1e9402\" data-element_type=\"widget\" data-e-type=\"widget\" data-widget_type=\"heading.default\">\n\t\t\t\t<div class=\"elementor-widget-container\">\n\t\t\t\t\t<h2 class=\"elementor-heading-title elementor-size-default\">Rest of Finland<\/h2>\t\t\t\t<\/div>\n\t\t\t\t<\/div>\n\t\t<div class=\"elementor-element elementor-element-1f7614d e-grid e-con-full e-con e-child\" data-id=\"1f7614d\" data-element_type=\"container\" data-e-type=\"container\">\n\t\t\t\t<div class=\"elementor-element elementor-element-50aaa97 elementor-widget elementor-widget-text-editor\" data-id=\"50aaa97\" data-element_type=\"widget\" data-e-type=\"widget\" data-widget_type=\"text-editor.default\">\n\t\t\t\t<div class=\"elementor-widget-container\">\n\t\t\t\t\t\t\t\t\t<p><strong>H\u00c4MEENLINNA<\/strong><\/p>\n<p>Garrison Restaurant Ruben<\/p>\n<p><strong>IISALMI<\/strong><\/p>\n<p>Nelly&#8217;s<\/p>\n<p><strong>JYV\u00c4SKYL\u00c4<\/strong><\/p>\n<p>Bistro Kirkkopuisto<\/p>\n<p>DeLorean<\/p>\n<p>Hotel Verso<\/p>\n<p>Garrison Restaurant Luonetti Tikkakoski<\/p>\n<p>Tar pitch<\/p>\n<p>VENN<\/p>\n<p><strong>J\u00c4RVENP\u00c4\u00c4<\/strong><\/p>\n<p>Fox Shed<\/p>\n<p><strong>KAJAANI<\/strong><\/p>\n<p>Pioppo Taproom &amp; Eatery<\/p>\n<p>Garrison Restaurant Hoikanhovi<\/p>\n<p><strong>KERAVA<\/strong><\/p>\n<p>Beer room Paasikivenkatu<\/p>\n<p><strong>KITTILLE<\/strong><\/p>\n<p>Levin Panimo &amp; Pub<\/p>\n<p>Pub Old Mates<\/p>\n<p><strong>KOTKA<\/strong><\/p>\n<p>Sam\u00b4s Pub<\/p>\n<p>Meeting room<\/p>\n<p>Eatery Karoliina<\/p>\n<p>VENN<\/p>\n<p><strong>KOUVOLA<\/strong><\/p>\n<p>Betony Gastropub<\/p>\n<p>Bistro Frans &amp; Rose<\/p>\n<p>Irish Pub Old Tom<\/p>\n<p>Restaurant Huvilla<\/p>\n<p>Garrison Restaurant Castle<\/p>\n<p><strong>KUOPIO<\/strong><\/p>\n<p>Pharmacist<\/p>\n<p>Malja<\/p>\n<p>Sokos Hotel Puijonsarvi<\/p>\n<p>Garrison Restaurant Cirrus<\/p>\n<p><strong>KUUSAMO \/ RUKA<\/strong><\/p>\n<p>Bar IHKU<\/p>\n<p>Hemingway&#8217;s Rukahovi<\/p>\n<p><strong>KUUSANKOSKI<\/strong><\/p>\n<p>Hospoda Papirna<\/p>\n<p><strong>LAHTI<\/strong><\/p>\n<p>Ant Brew Malski<\/p>\n<p>Hollolan Stag<\/p>\n<p>Restaurant Torvi<\/p>\n<p>Taivaanranta<\/p>\n<p>Tar pitch<\/p>\n<p>Teerenpeli Brewery &amp; Distillery<\/p>\n<p>Teerenranta<\/p>\n<p>Wine Cafe Olavi<\/p>\n<p><strong>LAPPEENRANTA<\/strong><\/p>\n<p>Angus Steak&amp;Wine<\/p>\n<p>Birra<\/p>\n<p>Tuju &amp; Taproom Brewery<\/p>\n<p>Rosso<\/p>\n<p>Tar game Lappeenranta<\/p>\n<p>Garrison Restaurant Rakuuna<\/p>\n<p>VENN<\/p>\n<p><strong>MIKKELI<\/strong><\/p>\n<p>Dom Mikkeli<\/p>\n<p>Gastropub Eino<\/p>\n<p>Saimaa Brewing<\/p>\n<p>Vaccoon<\/p>\n<p>Wilhelm Public House<\/p>\n<p><strong>NAANTALI<\/strong><\/p>\n<p>Mallassep\u00e4t<\/p>\n<p><strong>NIINISALO<\/strong><\/p>\n<p>Garrison Restaurant Falkonetti<\/p>\n<p><strong>OULU<\/strong><\/p>\n<p>Bar IHKU<\/p>\n<p>Public House Pivo<\/p>\n<p>Tar pitch<\/p>\n\t\t\t\t\t\t\t\t<\/div>\n\t\t\t\t<\/div>\n\t\t\t\t<div class=\"elementor-element elementor-element-3601fcf elementor-widget elementor-widget-text-editor\" data-id=\"3601fcf\" data-element_type=\"widget\" data-e-type=\"widget\" data-widget_type=\"text-editor.default\">\n\t\t\t\t<div class=\"elementor-widget-container\">\n\t\t\t\t\t\t\t\t\t<p><strong>PETROLIA<\/strong><\/p>\n<p>City hotel &#8211; Pub Stallhagen<\/p>\n<p><strong>PORI<\/strong><\/p>\n<p>Beer Hunter&#8217;s<\/p>\n<p>Pub Winston<\/p>\n<p>Varuskuntaravintola Drummer Boy<\/p>\n<p><strong>PORVOO<\/strong><\/p>\n<p>Bistro Sinne<\/p>\n<p>El Patio<\/p>\n<p>Fou de vin<\/p>\n<p>Kr\u00e5k\u00f6 Bryggeri<\/p>\n<p>Old Porvoo Brewery<\/p>\n<p>For example<\/p>\n<p><strong>RAAHE<\/strong><\/p>\n<p>Ottopoika<\/p>\n<p>Raahe Beer Hall<\/p>\n<p><strong>SPACE<\/strong><\/p>\n<p>Old Crocodile of Rauma<\/p>\n<p><strong>ROVANIEMI<\/strong><\/p>\n<p>Oliver&#8217;s Corner<\/p>\n<p>Reindeer pasture<\/p>\n<p>Garrison Restaurant Somero<\/p>\n<p><strong>SEIN\u00c4JOKI<\/strong><\/p>\n<p>Kabacka<\/p>\n<p>Mallaskoski Brewery Restaurant<\/p>\n<p>Rosso<\/p>\n<p><strong>SODANKYL\u00c4<\/strong><\/p>\n<p>Varuskuntaravintola T\u00e4hti<\/p>\n<p><strong>S\u00c4KYL\u00c4<\/strong><\/p>\n<p>Varuskuntaravintola Drummer Boy<\/p>\n<p><strong>TAMMISAARI<\/strong><\/p>\n<p>Ekta Bryggeri<\/p>\n<p>Garrison Restaurant Creutz<\/p>\n<p><strong>TAMPERE<\/strong><\/p>\n<p>Bar IHKU<\/p>\n<p>Bar &amp; Grill Oliver&#8217;s &#8211; Pirkkala<\/p>\n<p>Biang<\/p>\n<p>Bricks<\/p>\n<p>Hotel Ilves<\/p>\n<p>Irish Bar O&#8217;Connell&#8217;s<\/p>\n<p>John Scott\u00b4s Ratina<\/p>\n<p>Beer restaurant Konttori<\/p>\n<p>Pispalan Pulteri<\/p>\n<p>Plevna Brewery Restaurant<\/p>\n<p>Pons<\/p>\n<p>Restaurant Bertha<\/p>\n<p>Restaurant Haarla<\/p>\n<p>Restaurant Huber<\/p>\n<p>Restaurant Piemonte<\/p>\n<p>Ruby &amp; Fellas Irish Bar<\/p>\n<p>Tapas Bar Inez<\/p>\n<p>Tar pitch<\/p>\n<p>Dock<\/p>\n<p>Pint<\/p>\n<p>UkkoMetso<\/p>\n<p>Garrison Restaurant S\u00e4\u00e4ksi<\/p>\n<p><strong>TURKEY<\/strong><\/p>\n<p>Pub caf\u00e9 Tiirikkala<\/p>\n<p>Artek Caf\u00e9<\/p>\n<p>Bar Edison<\/p>\n<p>Crane 22<\/p>\n<p>di Trevi<\/p>\n<p>John Scott\u00b4s<\/p>\n<p>Rose of Kakola<\/p>\n<p>City Theatre<\/p>\n<p>Old Bank<\/p>\n<p>Brewery Restaurant School<\/p>\n<p>Pub Daily News<\/p>\n<p>Poetry lesson<\/p>\n<p>Teenagers<\/p>\n<p>T\u00e5rget<\/p>\n<p>Tar pitch<\/p>\n<p>New Pharmacy<\/p>\n<p>Garrison restaurant Poiju<\/p>\n<p>Old freighter<\/p>\n<p>VENN Wiklund<\/p>\n<p><strong>VAASA<\/strong><\/p>\n<p>Amarillo<\/p>\n<p>Brasserie &amp; Bar Fondis<\/p>\n<p>Butcher &amp; Banker<\/p>\n<p>Littlepub<\/p>\n<p>Oliver&#8217;s Inn<\/p>\n<p>Restaurant Juku<\/p>\n<p>Vaccoon<\/p>\n\t\t\t\t\t\t\t\t<\/div>\n\t\t\t\t<\/div>\n\t\t\t\t<\/div>\n\t\t\t\t<\/div>\n\t\t\t\t<\/div>\n\t\t\t\t<\/div>\n\t\t\t\t\t<\/div>\n\t\t\t\t<\/div>\n\t\t\t\t<\/div>\n\t\t","protected":false},"excerpt":{"rendered":"<p>References Helsinki Metropolitan Area 2 Old Goats, Lohja 4Chiefs Saloon Amsterdam Angleterre Atelier Finne B-Side Bar Bar &amp; Restaurant Feltbay Bar IHKU Helsinki Barley &amp; Bait Bar Lilla E Bar Mate Barski B.B.Badger &amp; Co Belgium Biang Bierhuis Rotterdam Beer Beer Birgitta Hernesaari Bistro O Mat, Helsinki Bistro O Mat, Kirkkonummi, Finland Bistro O Mat, [&hellip;]<\/p>\n","protected":false},"author":1,"featured_media":6106,"parent":0,"menu_order":0,"comment_status":"closed","ping_status":"closed","template":"","meta":{"_improvement_type_select":"improve_an_existing","_thumb_yes_seoaic":false,"_frame_yes_seoaic":false,"seoaic_generate_description":"","seoaic_improve_instructions_prompt":"","seoaic_rollback_content_improvement":"","seoaic_idea_thumbnail_generator":"","thumbnail_generated":false,"thumbnail_generate_prompt":"","seoaic_article_description":"","footnotes":""},"class_list":["post-6996","page","type-page","status-publish","has-post-thumbnail","hentry"],"yoast_head":"<!-- This site is optimized with the Yoast SEO plugin v27.3 - https:\/\/yoast.com\/product\/yoast-seo-wordpress\/ -->\n<title>Customer list - Barfix<\/title>\n<meta name=\"robots\" content=\"index, follow, max-snippet:-1, max-image-preview:large, max-video-preview:-1\" \/>\n<link rel=\"canonical\" href=\"https:\/\/www.barfix.fi\/en\/customer-list\/\" \/>\n<meta property=\"og:locale\" content=\"en_US\" \/>\n<meta property=\"og:type\" content=\"article\" \/>\n<meta property=\"og:title\" content=\"Customer list - Barfix\" \/>\n<meta property=\"og:description\" content=\"References Helsinki Metropolitan Area 2 Old Goats, Lohja 4Chiefs Saloon Amsterdam Angleterre Atelier Finne B-Side Bar Bar &amp; Restaurant Feltbay Bar IHKU Helsinki Barley &amp; Bait Bar Lilla E Bar Mate Barski B.B.Badger &amp; Co Belgium Biang Bierhuis Rotterdam Beer Beer Birgitta Hernesaari Bistro O Mat, Helsinki Bistro O Mat, Kirkkonummi, Finland Bistro O Mat, [&hellip;]\" \/>\n<meta property=\"og:url\" content=\"https:\/\/www.barfix.fi\/en\/customer-list\/\" \/>\n<meta property=\"og:site_name\" content=\"Barfix\" \/>\n<meta property=\"article:publisher\" content=\"https:\/\/www.facebook.com\/barfixfinland\/?locale=fi_FI\" \/>\n<meta property=\"article:modified_time\" content=\"2024-10-11T08:42:36+00:00\" \/>\n<meta property=\"og:image\" content=\"https:\/\/www.barfix.fi\/wp-content\/uploads\/2016\/06\/Teerenpeli-Helsinki-7-scaled-1.jpg\" \/>\n\t<meta property=\"og:image:width\" content=\"2560\" \/>\n\t<meta property=\"og:image:height\" content=\"1707\" \/>\n\t<meta property=\"og:image:type\" content=\"image\/jpeg\" \/>\n<meta name=\"twitter:card\" content=\"summary_large_image\" \/>\n<meta name=\"twitter:label1\" content=\"Est. reading time\" \/>\n\t<meta name=\"twitter:data1\" content=\"3 minutes\" \/>\n<script type=\"application\/ld+json\" class=\"yoast-schema-graph\">{\"@context\":\"https:\\\/\\\/schema.org\",\"@graph\":[{\"@type\":\"WebPage\",\"@id\":\"https:\\\/\\\/www.barfix.fi\\\/en\\\/customer-list\\\/\",\"url\":\"https:\\\/\\\/www.barfix.fi\\\/en\\\/customer-list\\\/\",\"name\":\"Customer list - Barfix\",\"isPartOf\":{\"@id\":\"https:\\\/\\\/www.barfix.fi\\\/#website\"},\"primaryImageOfPage\":{\"@id\":\"https:\\\/\\\/www.barfix.fi\\\/en\\\/customer-list\\\/#primaryimage\"},\"image\":{\"@id\":\"https:\\\/\\\/www.barfix.fi\\\/en\\\/customer-list\\\/#primaryimage\"},\"thumbnailUrl\":\"https:\\\/\\\/www.barfix.fi\\\/wp-content\\\/uploads\\\/2016\\\/06\\\/Teerenpeli-Helsinki-7-scaled-1.jpg\",\"datePublished\":\"2020-12-28T16:30:23+00:00\",\"dateModified\":\"2024-10-11T08:42:36+00:00\",\"breadcrumb\":{\"@id\":\"https:\\\/\\\/www.barfix.fi\\\/en\\\/customer-list\\\/#breadcrumb\"},\"inLanguage\":\"en-US\",\"potentialAction\":[{\"@type\":\"ReadAction\",\"target\":[\"https:\\\/\\\/www.barfix.fi\\\/en\\\/customer-list\\\/\"]}]},{\"@type\":\"ImageObject\",\"inLanguage\":\"en-US\",\"@id\":\"https:\\\/\\\/www.barfix.fi\\\/en\\\/customer-list\\\/#primaryimage\",\"url\":\"https:\\\/\\\/www.barfix.fi\\\/wp-content\\\/uploads\\\/2016\\\/06\\\/Teerenpeli-Helsinki-7-scaled-1.jpg\",\"contentUrl\":\"https:\\\/\\\/www.barfix.fi\\\/wp-content\\\/uploads\\\/2016\\\/06\\\/Teerenpeli-Helsinki-7-scaled-1.jpg\",\"width\":2560,\"height\":1707},{\"@type\":\"BreadcrumbList\",\"@id\":\"https:\\\/\\\/www.barfix.fi\\\/en\\\/customer-list\\\/#breadcrumb\",\"itemListElement\":[{\"@type\":\"ListItem\",\"position\":1,\"name\":\"Etusivu\",\"item\":\"https:\\\/\\\/www.barfix.fi\\\/en\\\/\"},{\"@type\":\"ListItem\",\"position\":2,\"name\":\"Customer list\"}]},{\"@type\":\"WebSite\",\"@id\":\"https:\\\/\\\/www.barfix.fi\\\/#website\",\"url\":\"https:\\\/\\\/www.barfix.fi\\\/\",\"name\":\"Barfix\",\"description\":\"\",\"publisher\":{\"@id\":\"https:\\\/\\\/www.barfix.fi\\\/#organization\"},\"potentialAction\":[{\"@type\":\"SearchAction\",\"target\":{\"@type\":\"EntryPoint\",\"urlTemplate\":\"https:\\\/\\\/www.barfix.fi\\\/?s={search_term_string}\"},\"query-input\":{\"@type\":\"PropertyValueSpecification\",\"valueRequired\":true,\"valueName\":\"search_term_string\"}}],\"inLanguage\":\"en-US\"},{\"@type\":\"Organization\",\"@id\":\"https:\\\/\\\/www.barfix.fi\\\/#organization\",\"name\":\"Barfix Oy\",\"url\":\"https:\\\/\\\/www.barfix.fi\\\/\",\"logo\":{\"@type\":\"ImageObject\",\"inLanguage\":\"en-US\",\"@id\":\"https:\\\/\\\/www.barfix.fi\\\/#\\\/schema\\\/logo\\\/image\\\/\",\"url\":\"https:\\\/\\\/www.barfix.fi\\\/wp-content\\\/uploads\\\/2024\\\/06\\\/LOGO-uusin.png\",\"contentUrl\":\"https:\\\/\\\/www.barfix.fi\\\/wp-content\\\/uploads\\\/2024\\\/06\\\/LOGO-uusin.png\",\"width\":1920,\"height\":1080,\"caption\":\"Barfix Oy\"},\"image\":{\"@id\":\"https:\\\/\\\/www.barfix.fi\\\/#\\\/schema\\\/logo\\\/image\\\/\"},\"sameAs\":[\"https:\\\/\\\/www.facebook.com\\\/barfixfinland\\\/?locale=fi_FI\",\"https:\\\/\\\/www.instagram.com\\\/barfix_juomalaitteet\\\/?hl=en\"]}]}<\/script>\n<!-- \/ Yoast SEO plugin. -->","yoast_head_json":{"title":"Customer list - Barfix","robots":{"index":"index","follow":"follow","max-snippet":"max-snippet:-1","max-image-preview":"max-image-preview:large","max-video-preview":"max-video-preview:-1"},"canonical":"https:\/\/www.barfix.fi\/en\/customer-list\/","og_locale":"en_US","og_type":"article","og_title":"Customer list - Barfix","og_description":"References Helsinki Metropolitan Area 2 Old Goats, Lohja 4Chiefs Saloon Amsterdam Angleterre Atelier Finne B-Side Bar Bar &amp; Restaurant Feltbay Bar IHKU Helsinki Barley &amp; Bait Bar Lilla E Bar Mate Barski B.B.Badger &amp; Co Belgium Biang Bierhuis Rotterdam Beer Beer Birgitta Hernesaari Bistro O Mat, Helsinki Bistro O Mat, Kirkkonummi, Finland Bistro O Mat, [&hellip;]","og_url":"https:\/\/www.barfix.fi\/en\/customer-list\/","og_site_name":"Barfix","article_publisher":"https:\/\/www.facebook.com\/barfixfinland\/?locale=fi_FI","article_modified_time":"2024-10-11T08:42:36+00:00","og_image":[{"width":2560,"height":1707,"url":"https:\/\/www.barfix.fi\/wp-content\/uploads\/2016\/06\/Teerenpeli-Helsinki-7-scaled-1.jpg","type":"image\/jpeg"}],"twitter_card":"summary_large_image","twitter_misc":{"Est. reading time":"3 minutes"},"schema":{"@context":"https:\/\/schema.org","@graph":[{"@type":"WebPage","@id":"https:\/\/www.barfix.fi\/en\/customer-list\/","url":"https:\/\/www.barfix.fi\/en\/customer-list\/","name":"Customer list - Barfix","isPartOf":{"@id":"https:\/\/www.barfix.fi\/#website"},"primaryImageOfPage":{"@id":"https:\/\/www.barfix.fi\/en\/customer-list\/#primaryimage"},"image":{"@id":"https:\/\/www.barfix.fi\/en\/customer-list\/#primaryimage"},"thumbnailUrl":"https:\/\/www.barfix.fi\/wp-content\/uploads\/2016\/06\/Teerenpeli-Helsinki-7-scaled-1.jpg","datePublished":"2020-12-28T16:30:23+00:00","dateModified":"2024-10-11T08:42:36+00:00","breadcrumb":{"@id":"https:\/\/www.barfix.fi\/en\/customer-list\/#breadcrumb"},"inLanguage":"en-US","potentialAction":[{"@type":"ReadAction","target":["https:\/\/www.barfix.fi\/en\/customer-list\/"]}]},{"@type":"ImageObject","inLanguage":"en-US","@id":"https:\/\/www.barfix.fi\/en\/customer-list\/#primaryimage","url":"https:\/\/www.barfix.fi\/wp-content\/uploads\/2016\/06\/Teerenpeli-Helsinki-7-scaled-1.jpg","contentUrl":"https:\/\/www.barfix.fi\/wp-content\/uploads\/2016\/06\/Teerenpeli-Helsinki-7-scaled-1.jpg","width":2560,"height":1707},{"@type":"BreadcrumbList","@id":"https:\/\/www.barfix.fi\/en\/customer-list\/#breadcrumb","itemListElement":[{"@type":"ListItem","position":1,"name":"Etusivu","item":"https:\/\/www.barfix.fi\/en\/"},{"@type":"ListItem","position":2,"name":"Customer list"}]},{"@type":"WebSite","@id":"https:\/\/www.barfix.fi\/#website","url":"https:\/\/www.barfix.fi\/","name":"Barfix","description":"","publisher":{"@id":"https:\/\/www.barfix.fi\/#organization"},"potentialAction":[{"@type":"SearchAction","target":{"@type":"EntryPoint","urlTemplate":"https:\/\/www.barfix.fi\/?s={search_term_string}"},"query-input":{"@type":"PropertyValueSpecification","valueRequired":true,"valueName":"search_term_string"}}],"inLanguage":"en-US"},{"@type":"Organization","@id":"https:\/\/www.barfix.fi\/#organization","name":"Barfix Oy","url":"https:\/\/www.barfix.fi\/","logo":{"@type":"ImageObject","inLanguage":"en-US","@id":"https:\/\/www.barfix.fi\/#\/schema\/logo\/image\/","url":"https:\/\/www.barfix.fi\/wp-content\/uploads\/2024\/06\/LOGO-uusin.png","contentUrl":"https:\/\/www.barfix.fi\/wp-content\/uploads\/2024\/06\/LOGO-uusin.png","width":1920,"height":1080,"caption":"Barfix Oy"},"image":{"@id":"https:\/\/www.barfix.fi\/#\/schema\/logo\/image\/"},"sameAs":["https:\/\/www.facebook.com\/barfixfinland\/?locale=fi_FI","https:\/\/www.instagram.com\/barfix_juomalaitteet\/?hl=en"]}]}},"_links":{"self":[{"href":"https:\/\/www.barfix.fi\/en\/wp-json\/wp\/v2\/pages\/6996","targetHints":{"allow":["GET"]}}],"collection":[{"href":"https:\/\/www.barfix.fi\/en\/wp-json\/wp\/v2\/pages"}],"about":[{"href":"https:\/\/www.barfix.fi\/en\/wp-json\/wp\/v2\/types\/page"}],"author":[{"embeddable":true,"href":"https:\/\/www.barfix.fi\/en\/wp-json\/wp\/v2\/users\/1"}],"replies":[{"embeddable":true,"href":"https:\/\/www.barfix.fi\/en\/wp-json\/wp\/v2\/comments?post=6996"}],"version-history":[{"count":32,"href":"https:\/\/www.barfix.fi\/en\/wp-json\/wp\/v2\/pages\/6996\/revisions"}],"predecessor-version":[{"id":7547,"href":"https:\/\/www.barfix.fi\/en\/wp-json\/wp\/v2\/pages\/6996\/revisions\/7547"}],"wp:featuredmedia":[{"embeddable":true,"href":"https:\/\/www.barfix.fi\/en\/wp-json\/wp\/v2\/media\/6106"}],"wp:attachment":[{"href":"https:\/\/www.barfix.fi\/en\/wp-json\/wp\/v2\/media?parent=6996"}],"curies":[{"name":"wp","href":"https:\/\/api.w.org\/{rel}","templated":true}]}}